{"id":7,"date":"2010-05-18T13:11:24","date_gmt":"2010-05-18T13:11:24","guid":{"rendered":"http:\/\/www.hansuuttwente.nl\/?page_id=7"},"modified":"2013-06-23T16:26:35","modified_gmt":"2013-06-23T14:26:35","slug":"de-reis","status":"publish","type":"page","link":"http:\/\/www.hansuuttwente.nl\/index.php\/de-reis\/","title":{"rendered":"De Reis"},"content":{"rendered":"<p>De route die ik denk te gaan lopen staat hieronder en is bij benadering afhankelijk van de boekjes en overnachtingen die ik kan krijgen:<\/p>\n<p>De schatting is dat de totale route ongeveer 2800km zal zijn.<\/p>\n<h3><span style=\"color: #000000;\"><strong>Het Doel: Santiago de Compostella<\/strong><\/span><\/h3>\n<div id=\"attachment_153\" style=\"width: 158px\" class=\"wp-caption alignright\"><a href=\"http:\/\/www.hansuuttwente.nl\/index.php\/de-reis\/albrecht\/\" rel=\"attachment wp-att-153\"><img loading=\"lazy\" decoding=\"async\" aria-describedby=\"caption-attachment-153\" class=\"size-medium wp-image-153 \" title=\"Jakobus de Meerdere\" alt=\"&quot;Jakobus de Meerdere&quot; door Albrecht D\u00fcrer\" src=\"http:\/\/www.hansuuttwente.nl\/wp-content\/uploads\/2010\/06\/Albrecht-246x300.jpg\" width=\"148\" height=\"180\" srcset=\"http:\/\/www.hansuuttwente.nl\/wp-content\/uploads\/2010\/06\/Albrecht-246x300.jpg 246w, http:\/\/www.hansuuttwente.nl\/wp-content\/uploads\/2010\/06\/Albrecht-580x705.jpg 580w, http:\/\/www.hansuuttwente.nl\/wp-content\/uploads\/2010\/06\/Albrecht.jpg 640w\" sizes=\"(max-width: 148px) 100vw, 148px\" \/><\/a><p id=\"caption-attachment-153\" class=\"wp-caption-text\">&#8220;Jakobus de Meerdere&#8221; door Albrecht D\u00fcrer<\/p><\/div>\n<p>De <strong>pelgrimsroute naar Santiago de Compostella<\/strong> (<strong>Jacobsweg<\/strong>) (Spaans: <em>Camino de Santiago<\/em>) is de pelgrimsroute naar het graf van de <a title=\"Apostel\" href=\"http:\/\/nl.wikipedia.org\/wiki\/Apostel\">apostel<\/a> <a title=\"Jakobus  de Meerdere\" href=\"http:\/\/nl.wikipedia.org\/wiki\/Jakobus_de_Meerdere\">Jakobus<\/a> in <a title=\"Santiago de Compostela\" href=\"http:\/\/nl.wikipedia.org\/wiki\/Santiago_de_Compostela\">Santiago de Compostela<\/a> in Spanje. In eerste instantie wordt daaronder de zogenaamde <em>Camino Franc\u00e9s<\/em> verstaan, de middeleeuwse verkeersas in Noord-Spanje, die loopt van de Pyrenee\u00ebn naar het graf van Jakobus. Deze route loopt langs de steden Pamplona, Estella, Logro\u00f1o, Burgos, Le\u00f3n, Astorga en Ponferrada. (Er zijn ook enige andere routes van de Pyrenee\u00ebn naar Santiago de Compostela.) De route in zijn huidige loop is in de eerste helft van de 11e eeuw ontstaan; er wordt echter aangenomen dat de route al veel ouder is. Al voor Christus was Finisterre het eindpunt van een heidense tocht. Het klif 90 kilometer westelijk van Santiago is door de Romeinen Finisterrae gedoopt, wat &#8216;einde van de wereld&#8217; betekent. (Bron: <a title=\"Wikipedia\" href=\"http:\/\/nl.wikipedia.org\/wiki\/Pelgrimsroute_naar_Santiago_de_Compostella\">Wikipedia<\/a>)<br \/>\n<iframe loading=\"lazy\" src=\"https:\/\/maps.google.nl\/maps\/ms?ie=UTF8&amp;hl=nl&amp;t=p&amp;source=embed&amp;msa=0&amp;msid=200145933036889752230.00048d75e7d1de5ff05e8&amp;ll=47.279229,-0.878906&amp;spn=16.406331,24.213867&amp;z=5&amp;output=embed\" height=\"550\" width=\"550\" frameborder=\"0\" marginwidth=\"0\" marginheight=\"0\" scrolling=\"no\"><\/iframe><br \/>\n<small><a style=\"color: #0000ff; text-align: left;\" href=\"https:\/\/maps.google.nl\/maps\/ms?ie=UTF8&amp;hl=nl&amp;t=p&amp;source=embed&amp;msa=0&amp;msid=200145933036889752230.00048d75e7d1de5ff05e8&amp;ll=47.279229,-0.878906&amp;spn=16.406331,24.213867&amp;z=5\">HansUutTwente<\/a> weergeven op een grotere kaart<\/small><\/p>\n<h3><span style=\"color: #000000;\">De Route<\/span><\/h3>\n<p>&nbsp;<\/p>\n<p style=\"text-align: center;\"><span style=\"color: #000000;\">Klik op de grafiek voor het schema!<\/span><\/p>\n<p style=\"text-align: center;\"><span style=\"color: #ff6600;\"><a href=\"http:\/\/perikt.home.xs4all.nl\/\/Route%20Santiago.png\" rel=\"http:\/\/perikt.home.xs4all.nl\/\/Route%20Santiago.png\" rel=\"lightbox[7]\"><img loading=\"lazy\" decoding=\"async\" class=\"aligncenter\" alt=\"\" src=\"http:\/\/perikt.home.xs4all.nl\/\/Route%20Santiago.png\" width=\"558\" height=\"2350\" \/><\/a><br \/>\n<\/span><\/p>\n<p style=\"text-align: center;\"><span style=\"color: #ff6600;\"><a href=\"http:\/\/www.hansuuttwente.nl\/wp-content\/uploads\/2010\/08\/Route-Santiago-dag-392.png\" rel=\"http:\/\/www.hansuuttwente.nl\/wp-content\/uploads\/2010\/08\/Route-Santiago-dag-392.png\" rel=\"lightbox[7]\"><br \/>\n<\/a><\/span><\/p>\n","protected":false},"excerpt":{"rendered":"<p>De route die ik denk te gaan lopen staat hieronder en is bij benadering afhankelijk van de boekjes en overnachtingen die ik kan krijgen: De schatting is dat de totale route ongeveer 2800km zal zijn. Het Doel: Santiago de Compostella &hellip; <a class=\"readmore\" href=\"http:\/\/www.hansuuttwente.nl\/index.php\/de-reis\/\">Lees verder &rarr;<\/a><\/p>\n","protected":false},"author":2,"featured_media":0,"parent":0,"menu_order":0,"comment_status":"open","ping_status":"open","template":"","meta":{"footnotes":"","_links_to":"","_links_to_target":""},"class_list":["post-7","page","type-page","status-publish","hentry"],"_links":{"self":[{"href":"http:\/\/www.hansuuttwente.nl\/index.php\/wp-json\/wp\/v2\/pages\/7"}],"collection":[{"href":"http:\/\/www.hansuuttwente.nl\/index.php\/wp-json\/wp\/v2\/pages"}],"about":[{"href":"http:\/\/www.hansuuttwente.nl\/index.php\/wp-json\/wp\/v2\/types\/page"}],"author":[{"embeddable":true,"href":"http:\/\/www.hansuuttwente.nl\/index.php\/wp-json\/wp\/v2\/users\/2"}],"replies":[{"embeddable":true,"href":"http:\/\/www.hansuuttwente.nl\/index.php\/wp-json\/wp\/v2\/comments?post=7"}],"version-history":[{"count":90,"href":"http:\/\/www.hansuuttwente.nl\/index.php\/wp-json\/wp\/v2\/pages\/7\/revisions"}],"predecessor-version":[{"id":2013,"href":"http:\/\/www.hansuuttwente.nl\/index.php\/wp-json\/wp\/v2\/pages\/7\/revisions\/2013"}],"wp:attachment":[{"href":"http:\/\/www.hansuuttwente.nl\/index.php\/wp-json\/wp\/v2\/media?parent=7"}],"curies":[{"name":"wp","href":"https:\/\/api.w.org\/{rel}","templated":true}]}}